{"id":6,"date":"2021-10-20T12:09:58","date_gmt":"2021-10-20T15:09:58","guid":{"rendered":"https:\/\/estudiantil.fcecon.unr.edu.ar\/?page_id=6"},"modified":"2021-10-20T12:30:00","modified_gmt":"2021-10-20T15:30:00","slug":"plan-de-estudio","status":"publish","type":"page","link":"https:\/\/estudiantil.fcecon.unr.edu.ar\/","title":{"rendered":"Bienvenidos Ingresantes"},"content":{"rendered":"\n<p>SOMOS FACULTAD DE CIENCIAS ECON\u00d3MICAS Y ESTAD\u00cdSTICA<\/p>\n\n\n\n<p>AC\u00c1 POD\u00c9S ENCONTRAR TODA LA INFORMACI\u00d3N QUE EST\u00c1S BUSCANDO. <\/p>\n\n\n\n<p class=\"has-white-color has-text-color has-background has-link-color wp-elements-7917dcec137536473280a15f12a0b084\" style=\"background-color:#065f3e\"><a href=\"https:\/\/drive.google.com\/drive\/folders\/1KxRGGao_V1vieAsV0jC_gAKDH7oTsK0R?usp=sharing\" target=\"_blank\" rel=\"noreferrer noopener\">INFORMACI\u00d3N INGRESO<\/a><\/p>\n\n\n\n<p class=\"has-white-color has-text-color has-background has-link-color wp-elements-12ca1b9c25e58214341d2d9a80ccbc5c\" style=\"background-color:#065f3e\"><a href=\"https:\/\/drive.google.com\/drive\/folders\/1vSNPhWXVBzgHHIEQ559XL1S8WWZ8cSWr?usp=sharing\" target=\"_blank\" rel=\"noreferrer noopener\"> PLANES DE ESTUDIO <\/a><\/p>\n\n\n\n<p class=\"has-white-color has-text-color has-background has-link-color wp-elements-925fd2d028335d2225af187554a68231\" style=\"background-color:#065f3e\"> <a href=\"https:\/\/drive.google.com\/drive\/folders\/1MFPl-DDBMKfWgI6F5GUGoBvYNIhiroqR?usp=sharing\">ALCANCE DEL T\u00cdTULO Y SALIDA LABORAL <\/a><\/p>\n\n\n\n<p class=\"has-white-color has-text-color has-background has-link-color wp-elements-66e9427b8fe77d6eb6a8dce4bf6e9e12\" style=\"background-color:#065f3e\"><a href=\"https:\/\/drive.google.com\/drive\/folders\/15kCEHUzXfLc7nVorZVu_fKauStfVA3Qr?usp=sharing\" target=\"_blank\" rel=\"noreferrer noopener\"> PREGUNTAS FRECUENTES <\/a><\/p>\n","protected":false},"excerpt":{"rendered":"<p>SOMOS FACULTAD DE CIENCIAS ECON\u00d3MICAS Y ESTAD\u00cdSTICA AC\u00c1 POD\u00c9S ENCONTRAR TODA LA INFORMACI\u00d3N QUE EST\u00c1S BUSCANDO. INFORMACI\u00d3N INGRESO PLANES DE ESTUDIO ALCANCE DEL T\u00cdTULO Y SALIDA LABORAL PREGUNTAS FRECUENTES<\/p>\n","protected":false},"author":2,"featured_media":0,"parent":0,"menu_order":0,"comment_status":"closed","ping_status":"closed","template":"","meta":{"footnotes":""},"class_list":["post-6","page","type-page","status-publish","hentry","entry"],"_links":{"self":[{"href":"https:\/\/estudiantil.fcecon.unr.edu.ar\/index.php?rest_route=\/wp\/v2\/pages\/6","targetHints":{"allow":["GET"]}}],"collection":[{"href":"https:\/\/estudiantil.fcecon.unr.edu.ar\/index.php?rest_route=\/wp\/v2\/pages"}],"about":[{"href":"https:\/\/estudiantil.fcecon.unr.edu.ar\/index.php?rest_route=\/wp\/v2\/types\/page"}],"author":[{"embeddable":true,"href":"https:\/\/estudiantil.fcecon.unr.edu.ar\/index.php?rest_route=\/wp\/v2\/users\/2"}],"replies":[{"embeddable":true,"href":"https:\/\/estudiantil.fcecon.unr.edu.ar\/index.php?rest_route=%2Fwp%2Fv2%2Fcomments&post=6"}],"version-history":[{"count":6,"href":"https:\/\/estudiantil.fcecon.unr.edu.ar\/index.php?rest_route=\/wp\/v2\/pages\/6\/revisions"}],"predecessor-version":[{"id":18,"href":"https:\/\/estudiantil.fcecon.unr.edu.ar\/index.php?rest_route=\/wp\/v2\/pages\/6\/revisions\/18"}],"wp:attachment":[{"href":"https:\/\/estudiantil.fcecon.unr.edu.ar\/index.php?rest_route=%2Fwp%2Fv2%2Fmedia&parent=6"}],"curies":[{"name":"wp","href":"https:\/\/api.w.org\/{rel}","templated":true}]}}